{"id":350,"date":"2016-04-05T17:15:36","date_gmt":"2016-04-05T17:15:36","guid":{"rendered":"http:\/\/www.nextpub.de\/de\/?page_id=350"},"modified":"2016-04-08T14:28:10","modified_gmt":"2016-04-08T14:28:10","slug":"home","status":"publish","type":"page","link":"http:\/\/nextpub.de\/de\/","title":{"rendered":"Home"},"content":{"rendered":"[vc_row][vc_column][layerslider_vc id=&#8221;2&#8243;][\/vc_column][\/vc_row][vc_row][vc_column el_class=&#8221;aligncenter&#8221;]<h2 class=\"mex-title\">Unsere Philosophie<\/h2>[vc_column_text el_class=&#8221;nextpub-normal-text&#8221;]\n<p class=\"p1\">NextPub Media bietet Transmedia Storytelling und Marketing.<\/p>\n<p class=\"p1\">Dieser innovative Ansatz stammt aus den USA und kommt unter anderem im Bereich der internationalen Vermarktung von Unterhaltungsproduktionen erfolgreich zum\u00a0Einsatz. Das transmediale Erz\u00e4hlen ber\u00fccksichtigt die spezifische Logik einzelner Medien und verkn\u00fcpft intelligent\u00a0Inhalte (Text, Foto, Video, Ton etc.), Kan\u00e4le (Film, Spiele, Webseiten, B\u00fccher) und technische Ger\u00e4te (Smartphone, Tablet, Desktop, TV etc.) symbiotisch miteinander. Hierdurch wird hohe Aufmerksamkeit und eine intensive Nutzung gew\u00e4hrleistet. Durch R\u00fcckkopplungs- und Partizipationsm\u00f6glichkeiten entstehen\u00a0qualitativ hohe Kundenbindungen sowie neue\u00a0Monetarisierungs- und Vermarktungspotenziale.<\/p>\n<p class=\"p1\">Wenn Sie mehr erfahren m\u00f6chten, besuchen Sie unsere Plattform <a href=\"http:\/\/www.storyfloat.de\">Storyfloat<\/a> und erhalten Sie aktuelle Informationen zu Trends, Beispielen und Techniken aus der Welt des Transmedia Storytellings.<\/p>\n[\/vc_column_text][\/vc_column][\/vc_row][vc_row][vc_column el_class=&#8221;aligncenter&#8221;]<h2 class=\"mex-title\">Aktuelle Beispiele unserer Arbeit<\/h2><section class=\"latest-works col4-w with-space-w\">\n    <hr class=\"vertical-space1\">\n    <div class=\"icon-top-title aligncenter\">\n        <nav class=\"primary clearfix\">\n            <div class=\"portfolioFilters\">\n                <a href=\"#\" class=\"selected\" data-filter=\"*\">alle<\/a>\n                <a href=\"#\" class=\"\" data-filter=\".productions\">Productions<\/a><a href=\"#\" class=\"\" data-filter=\".tangibles\">Tangibles<\/a><a href=\"#\" class=\"\" data-filter=\".platforms\">Platforms<\/a>\n            <\/div>\n        <\/nav>\n\n\n    <\/div>\n    <hr class=\"vertical-space2\">\n    <div class=\"portfolio container\">\n                    <figure class=\"portfolio-item  productions  \">\n                <div class=\"img-item\"><img src=\"http:\/\/nextpub.de\/wordpress\/..\/uploads\/2016\/01\/featured-image-huntisland.jpg\" alt=\"Hunt Island\" class=\"thumbnail portfolio_thumb \" \/>                    <a href=\"http:\/\/nextpub.de\/de\/portfolio-items\/hunt-island\/\" class=\"recent-works-item-link\">\n                    <div class=\"zoomex2\"><h6>Hunt Island<br><small><\/small><\/h6>\n                        <a href=\"http:\/\/nextpub.de\/de\/portfolio-items\/hunt-island\/\" class=\"zoomlink2 recent-works-item-link\" ><i class=\"fa-arrow-right\"><\/i><\/a>\n                    <\/div>\n                    <\/a>\n                <\/div>\n            <\/figure>\n                        <figure class=\"portfolio-item  productions  \">\n                <div class=\"img-item\"><img src=\"http:\/\/nextpub.de\/wordpress\/..\/uploads\/2016\/01\/featured-image-oiz.jpg\" alt=\"diTale OIZ\" class=\"thumbnail portfolio_thumb \" \/>                    <a href=\"http:\/\/nextpub.de\/de\/portfolio-items\/ditale-oiz\/\" class=\"recent-works-item-link\">\n                    <div class=\"zoomex2\"><h6>diTale OIZ<br><small><\/small><\/h6>\n                        <a href=\"http:\/\/nextpub.de\/de\/portfolio-items\/ditale-oiz\/\" class=\"zoomlink2 recent-works-item-link\" ><i class=\"fa-arrow-right\"><\/i><\/a>\n                    <\/div>\n                    <\/a>\n                <\/div>\n            <\/figure>\n                        <figure class=\"portfolio-item  productions  \">\n                <div class=\"img-item\"><img src=\"http:\/\/nextpub.de\/wordpress\/..\/uploads\/2016\/01\/featured-image-ditale-usa.jpg\" alt=\"diTale USA\" class=\"thumbnail portfolio_thumb \" \/>                    <a href=\"http:\/\/nextpub.de\/de\/portfolio-items\/ditale-usa\/\" class=\"recent-works-item-link\">\n                    <div class=\"zoomex2\"><h6>diTale USA<br><small><\/small><\/h6>\n                        <a href=\"http:\/\/nextpub.de\/de\/portfolio-items\/ditale-usa\/\" class=\"zoomlink2 recent-works-item-link\" ><i class=\"fa-arrow-right\"><\/i><\/a>\n                    <\/div>\n                    <\/a>\n                <\/div>\n            <\/figure>\n                        <figure class=\"portfolio-item  tangibles  \">\n                <div class=\"img-item\"><img src=\"http:\/\/nextpub.de\/wordpress\/..\/uploads\/2016\/01\/featured-image-destinationabc.jpg\" alt=\"Destination ABC\" class=\"thumbnail portfolio_thumb \" \/>                    <a href=\"http:\/\/nextpub.de\/de\/portfolio-items\/destination-abc\/\" class=\"recent-works-item-link\">\n                    <div class=\"zoomex2\"><h6>Destination ABC<br><small><\/small><\/h6>\n                        <a href=\"http:\/\/nextpub.de\/de\/portfolio-items\/destination-abc\/\" class=\"zoomlink2 recent-works-item-link\" ><i class=\"fa-arrow-right\"><\/i><\/a>\n                    <\/div>\n                    <\/a>\n                <\/div>\n            <\/figure>\n                        <figure class=\"portfolio-item  platforms  \">\n                <div class=\"img-item\"><img src=\"http:\/\/nextpub.de\/wordpress\/..\/uploads\/2016\/01\/featured-image-storyfloat.jpg\" alt=\"Storyfloat\" class=\"thumbnail portfolio_thumb \" \/>                    <a href=\"http:\/\/nextpub.de\/de\/portfolio-items\/storyfloat\/\" class=\"recent-works-item-link\">\n                    <div class=\"zoomex2\"><h6>Storyfloat<br><small><\/small><\/h6>\n                        <a href=\"http:\/\/nextpub.de\/de\/portfolio-items\/storyfloat\/\" class=\"zoomlink2 recent-works-item-link\" ><i class=\"fa-arrow-right\"><\/i><\/a>\n                    <\/div>\n                    <\/a>\n                <\/div>\n            <\/figure>\n                        <figure class=\"portfolio-item  productions  \">\n                <div class=\"img-item\"><img src=\"http:\/\/nextpub.de\/wordpress\/..\/uploads\/2016\/01\/featured-image-ditale-india.jpg\" alt=\"diTale Indien\" class=\"thumbnail portfolio_thumb \" \/>                    <a href=\"http:\/\/nextpub.de\/de\/portfolio-items\/ditale-india\/\" class=\"recent-works-item-link\">\n                    <div class=\"zoomex2\"><h6>diTale Indien<br><small><\/small><\/h6>\n                        <a href=\"http:\/\/nextpub.de\/de\/portfolio-items\/ditale-india\/\" class=\"zoomlink2 recent-works-item-link\" ><i class=\"fa-arrow-right\"><\/i><\/a>\n                    <\/div>\n                    <\/a>\n                <\/div>\n            <\/figure>\n                        <figure class=\"portfolio-item  productions  \">\n                <div class=\"img-item\"><img src=\"http:\/\/nextpub.de\/wordpress\/..\/uploads\/2016\/01\/featured-image-ditale-russia.jpg\" alt=\"diTale Russland\" class=\"thumbnail portfolio_thumb \" \/>                    <a href=\"http:\/\/nextpub.de\/de\/portfolio-items\/ditale-russia\/\" class=\"recent-works-item-link\">\n                    <div class=\"zoomex2\"><h6>diTale Russland<br><small><\/small><\/h6>\n                        <a href=\"http:\/\/nextpub.de\/de\/portfolio-items\/ditale-russia\/\" class=\"zoomlink2 recent-works-item-link\" ><i class=\"fa-arrow-right\"><\/i><\/a>\n                    <\/div>\n                    <\/a>\n                <\/div>\n            <\/figure>\n                    <!-- end-portfolio-item-->\n\n\n        <!-- end-portfolio-item-->\n    <\/div>\n    <\/section>[\/vc_column][\/vc_row][vc_row][vc_column el_class=&#8221;aligncenter&#8221;][vc_column_text] \u00a0[\/vc_column_text]<h2 class=\"mex-title\">Unsere Produkte &amp; Dienstleistungen<\/h2>[\/vc_column][\/vc_row][vc_row][vc_column width=&#8221;1\/3&#8243; el_class=&#8221;nextpub-iconbox-7&#8243;]<article class=\"icon-box7\"><a href='\/de\/productions\/'><img src=\"http:\/\/nextpub.de\/wordpress\/..\/uploads\/2016\/01\/NextPub-Productions-Logo.png\" \/><\/a><p>Wir realisieren innovative transmediale Projekte und finden f\u00fcr Sie die richtigen L\u00f6sungen f\u00fcr besondere Erz\u00e4hlweisen und Nutzererlebnisse.<\/p><a class=\"magicmore\" href=\"\/de\/productions\/\">Mehr Erfahren<\/a><\/article>[\/vc_column][vc_column width=&#8221;1\/3&#8243; el_class=&#8221;nextpub-iconbox-7&#8243;]<article class=\"icon-box7\"><a href='\/de\/platforms\/'><img src=\"http:\/\/nextpub.de\/wordpress\/..\/uploads\/2016\/01\/NextPub-Platforms-Logo.png\" \/><\/a><p>Wir entwickeln, betreiben und vermarkten transmediale Plattformen und Marken.<\/p><a class=\"magicmore\" href=\"\/de\/platforms\/\">Mehr Erfahren<\/a><\/article>[\/vc_column][vc_column width=&#8221;1\/3&#8243; el_class=&#8221;nextpub-iconbox-7&#8243;]<article class=\"icon-box7\"><a href='\/de\/tangibles\/'><img src=\"http:\/\/nextpub.de\/wordpress\/..\/uploads\/2016\/01\/NextPub-Tangibles-Logo.png\" \/><\/a><p>Moderne Kommunikation ist immer greifbar. Darum entwickeln und vermarkten wir physische Produkte und Tr\u00e4germedien.<\/p><a class=\"magicmore\" href=\"\/de\/tangibles\/\">Mehr Erfahren<\/a><\/article>[\/vc_column][\/vc_row]\n","protected":false},"excerpt":{"rendered":"<p>[vc_row][vc_column][layerslider_vc id=&#8221;2&#8243;][\/vc_column][\/vc_row][vc_row][vc_column el_class=&#8221;aligncenter&#8221;][vc_column_text el_class=&#8221;nextpub-normal-text&#8221;] NextPub Media bietet Transmedia Storytelling und Marketing. Dieser innovative Ansatz stammt aus den USA und kommt unter anderem im Bereich der internationalen Vermarktung von Unterhaltungsproduktionen erfolgreich zum\u00a0Einsatz. Das transmediale Erz\u00e4hlen ber\u00fccksichtigt die spezifische Logik einzelner Medien und verkn\u00fcpft intelligent\u00a0Inhalte (Text, Foto, Video, Ton etc.), Kan\u00e4le (Film, Spiele, Webseiten, B\u00fccher) und technische Ger\u00e4te (Smartphone, Tablet, Desktop, TV etc.) symbiotisch miteinander. Hierdurch wird&#8230; <\/p>\n<p><a class=\"readmore\" href=\"http:\/\/nextpub.de\/de\/portfolio-items\/ditale-russia\/\">Read More<\/a><\/p>\n","protected":false},"author":1,"featured_media":0,"parent":0,"menu_order":0,"comment_status":"closed","ping_status":"closed","template":"","meta":[],"yoast_head":"<!-- This site is optimized with the Yoast SEO plugin v20.0 - https:\/\/yoast.com\/wordpress\/plugins\/seo\/ -->\n<title>Home - NextPub Media<\/title>\n<meta name=\"robots\" content=\"index, follow, max-snippet:-1, max-image-preview:large, max-video-preview:-1\" \/>\n<link rel=\"canonical\" href=\"http:\/\/nextpub.de\/de\/\" \/>\n<meta property=\"og:locale\" content=\"de_DE\" \/>\n<meta property=\"og:type\" content=\"article\" \/>\n<meta property=\"og:title\" content=\"Home - NextPub Media\" \/>\n<meta property=\"og:description\" content=\"[vc_row][vc_column][layerslider_vc id=&#8221;2&#8243;][\/vc_column][\/vc_row][vc_row][vc_column el_class=&#8221;aligncenter&#8221;][vc_column_text el_class=&#8221;nextpub-normal-text&#8221;] NextPub Media bietet Transmedia Storytelling und Marketing. Dieser innovative Ansatz stammt aus den USA und kommt unter anderem im Bereich der internationalen Vermarktung von Unterhaltungsproduktionen erfolgreich zum\u00a0Einsatz. Das transmediale Erz\u00e4hlen ber\u00fccksichtigt die spezifische Logik einzelner Medien und verkn\u00fcpft intelligent\u00a0Inhalte (Text, Foto, Video, Ton etc.), Kan\u00e4le (Film, Spiele, Webseiten, B\u00fccher) und technische Ger\u00e4te (Smartphone, Tablet, Desktop, TV etc.) symbiotisch miteinander. Hierdurch wird... Read More\" \/>\n<meta property=\"og:url\" content=\"http:\/\/nextpub.de\/de\/\" \/>\n<meta property=\"og:site_name\" content=\"NextPub Media\" \/>\n<meta property=\"article:modified_time\" content=\"2016-04-08T14:28:10+00:00\" \/>\n<meta name=\"twitter:card\" content=\"summary_large_image\" \/>\n<meta name=\"twitter:label1\" content=\"Gesch\u00e4tzte Lesezeit\" \/>\n\t<meta name=\"twitter:data1\" content=\"2\u00a0Minuten\" \/>\n<script type=\"application\/ld+json\" class=\"yoast-schema-graph\">{\"@context\":\"https:\/\/schema.org\",\"@graph\":[{\"@type\":\"WebPage\",\"@id\":\"http:\/\/nextpub.de\/de\/\",\"url\":\"http:\/\/nextpub.de\/de\/\",\"name\":\"Home - NextPub Media\",\"isPartOf\":{\"@id\":\"http:\/\/www.nextpub.de\/#website\"},\"datePublished\":\"2016-04-05T17:15:36+00:00\",\"dateModified\":\"2016-04-08T14:28:10+00:00\",\"breadcrumb\":{\"@id\":\"http:\/\/nextpub.de\/de\/#breadcrumb\"},\"inLanguage\":\"de\",\"potentialAction\":[{\"@type\":\"ReadAction\",\"target\":[\"http:\/\/nextpub.de\/de\/\"]}]},{\"@type\":\"BreadcrumbList\",\"@id\":\"http:\/\/nextpub.de\/de\/#breadcrumb\",\"itemListElement\":[{\"@type\":\"ListItem\",\"position\":1,\"name\":\"Home\",\"item\":\"http:\/\/nextpub.de\/de\/\"},{\"@type\":\"ListItem\",\"position\":2,\"name\":\"Home\"}]},{\"@type\":\"WebSite\",\"@id\":\"http:\/\/www.nextpub.de\/#website\",\"url\":\"http:\/\/www.nextpub.de\/\",\"name\":\"NextPub Media\",\"description\":\"solutions for transmedia storytelling in the digital age\",\"publisher\":{\"@id\":\"http:\/\/www.nextpub.de\/#organization\"},\"potentialAction\":[{\"@type\":\"SearchAction\",\"target\":{\"@type\":\"EntryPoint\",\"urlTemplate\":\"http:\/\/www.nextpub.de\/?s={search_term_string}\"},\"query-input\":\"required name=search_term_string\"}],\"inLanguage\":\"de\"},{\"@type\":\"Organization\",\"@id\":\"http:\/\/www.nextpub.de\/#organization\",\"name\":\"NextPub Media\",\"url\":\"http:\/\/www.nextpub.de\/\",\"logo\":{\"@type\":\"ImageObject\",\"inLanguage\":\"de\",\"@id\":\"http:\/\/www.nextpub.de\/#\/schema\/logo\/image\/\",\"url\":\"http:\/\/www.nextpub.de\/wordpress\/..\/uploads\/2016\/01\/NextPub-Logo.png\",\"contentUrl\":\"http:\/\/www.nextpub.de\/wordpress\/..\/uploads\/2016\/01\/NextPub-Logo.png\",\"width\":500,\"height\":181,\"caption\":\"NextPub Media\"},\"image\":{\"@id\":\"http:\/\/www.nextpub.de\/#\/schema\/logo\/image\/\"}}]}<\/script>\n<!-- \/ Yoast SEO plugin. -->","yoast_head_json":{"title":"Home - NextPub Media","robots":{"index":"index","follow":"follow","max-snippet":"max-snippet:-1","max-image-preview":"max-image-preview:large","max-video-preview":"max-video-preview:-1"},"canonical":"http:\/\/nextpub.de\/de\/","og_locale":"de_DE","og_type":"article","og_title":"Home - NextPub Media","og_description":"[vc_row][vc_column][layerslider_vc id=&#8221;2&#8243;][\/vc_column][\/vc_row][vc_row][vc_column el_class=&#8221;aligncenter&#8221;][vc_column_text el_class=&#8221;nextpub-normal-text&#8221;] NextPub Media bietet Transmedia Storytelling und Marketing. Dieser innovative Ansatz stammt aus den USA und kommt unter anderem im Bereich der internationalen Vermarktung von Unterhaltungsproduktionen erfolgreich zum\u00a0Einsatz. Das transmediale Erz\u00e4hlen ber\u00fccksichtigt die spezifische Logik einzelner Medien und verkn\u00fcpft intelligent\u00a0Inhalte (Text, Foto, Video, Ton etc.), Kan\u00e4le (Film, Spiele, Webseiten, B\u00fccher) und technische Ger\u00e4te (Smartphone, Tablet, Desktop, TV etc.) symbiotisch miteinander. Hierdurch wird... Read More","og_url":"http:\/\/nextpub.de\/de\/","og_site_name":"NextPub Media","article_modified_time":"2016-04-08T14:28:10+00:00","twitter_card":"summary_large_image","twitter_misc":{"Gesch\u00e4tzte Lesezeit":"2\u00a0Minuten"},"schema":{"@context":"https:\/\/schema.org","@graph":[{"@type":"WebPage","@id":"http:\/\/nextpub.de\/de\/","url":"http:\/\/nextpub.de\/de\/","name":"Home - NextPub Media","isPartOf":{"@id":"http:\/\/www.nextpub.de\/#website"},"datePublished":"2016-04-05T17:15:36+00:00","dateModified":"2016-04-08T14:28:10+00:00","breadcrumb":{"@id":"http:\/\/nextpub.de\/de\/#breadcrumb"},"inLanguage":"de","potentialAction":[{"@type":"ReadAction","target":["http:\/\/nextpub.de\/de\/"]}]},{"@type":"BreadcrumbList","@id":"http:\/\/nextpub.de\/de\/#breadcrumb","itemListElement":[{"@type":"ListItem","position":1,"name":"Home","item":"http:\/\/nextpub.de\/de\/"},{"@type":"ListItem","position":2,"name":"Home"}]},{"@type":"WebSite","@id":"http:\/\/www.nextpub.de\/#website","url":"http:\/\/www.nextpub.de\/","name":"NextPub Media","description":"solutions for transmedia storytelling in the digital age","publisher":{"@id":"http:\/\/www.nextpub.de\/#organization"},"potentialAction":[{"@type":"SearchAction","target":{"@type":"EntryPoint","urlTemplate":"http:\/\/www.nextpub.de\/?s={search_term_string}"},"query-input":"required name=search_term_string"}],"inLanguage":"de"},{"@type":"Organization","@id":"http:\/\/www.nextpub.de\/#organization","name":"NextPub Media","url":"http:\/\/www.nextpub.de\/","logo":{"@type":"ImageObject","inLanguage":"de","@id":"http:\/\/www.nextpub.de\/#\/schema\/logo\/image\/","url":"http:\/\/www.nextpub.de\/wordpress\/..\/uploads\/2016\/01\/NextPub-Logo.png","contentUrl":"http:\/\/www.nextpub.de\/wordpress\/..\/uploads\/2016\/01\/NextPub-Logo.png","width":500,"height":181,"caption":"NextPub Media"},"image":{"@id":"http:\/\/www.nextpub.de\/#\/schema\/logo\/image\/"}}]}},"_links":{"self":[{"href":"http:\/\/nextpub.de\/de\/wp-json\/wp\/v2\/pages\/350"}],"collection":[{"href":"http:\/\/nextpub.de\/de\/wp-json\/wp\/v2\/pages"}],"about":[{"href":"http:\/\/nextpub.de\/de\/wp-json\/wp\/v2\/types\/page"}],"author":[{"embeddable":true,"href":"http:\/\/nextpub.de\/de\/wp-json\/wp\/v2\/users\/1"}],"replies":[{"embeddable":true,"href":"http:\/\/nextpub.de\/de\/wp-json\/wp\/v2\/comments?post=350"}],"version-history":[{"count":19,"href":"http:\/\/nextpub.de\/de\/wp-json\/wp\/v2\/pages\/350\/revisions"}],"predecessor-version":[{"id":413,"href":"http:\/\/nextpub.de\/de\/wp-json\/wp\/v2\/pages\/350\/revisions\/413"}],"wp:attachment":[{"href":"http:\/\/nextpub.de\/de\/wp-json\/wp\/v2\/media?parent=350"}],"curies":[{"name":"wp","href":"https:\/\/api.w.org\/{rel}","templated":true}]}}