{"id":356,"date":"2016-04-05T17:19:02","date_gmt":"2016-04-05T17:19:02","guid":{"rendered":"http:\/\/www.nextpub.de\/de\/?page_id=356"},"modified":"2016-04-08T10:48:54","modified_gmt":"2016-04-08T10:48:54","slug":"products-services","status":"publish","type":"page","link":"http:\/\/nextpub.de\/de\/products-services\/","title":{"rendered":"Produkte &#038; Dienstleistungen"},"content":{"rendered":"[vc_row][vc_column el_class=&#8221;aligncenter&#8221;]<h2 class=\"mex-title\">Produkte &amp; Dienstleistungen<\/h2><blockquote class=\"max-quote\"><h2>Wir bieten innovative L\u00f6sungen mit dem Fokus auf Transmedia Storytelling und Marketing.<\/h2><hr>[\/vc_column][\/vc_row][vc_row][vc_column width=&#8221;1\/3&#8243; el_class=&#8221;nextpub-iconbox-7&#8243;]<article class=\"icon-box7\"><a href='\/de\/productions\/'><img src=\"http:\/\/nextpub.de\/wordpress\/..\/uploads\/2016\/01\/NextPub-Productions-Logo.png\" \/><\/a><p>Wir realisieren innovative transmediale Projekte und finden f\u00fcr Sie die richtigen L\u00f6sungen f\u00fcr besondere Erz\u00e4hlweisen und Nutzererlebnisse.<\/p><a class=\"magicmore\" href=\"\/de\/productions\/\">Mehr Erfahren<\/a><\/article>[\/vc_column][vc_column width=&#8221;1\/3&#8243; el_class=&#8221;nextpub-iconbox-7&#8243;]<article class=\"icon-box7\"><a href='\/de\/platforms\/'><img src=\"http:\/\/nextpub.de\/wordpress\/..\/uploads\/2016\/01\/NextPub-Platforms-Logo.png\" \/><\/a><p>Wir entwickeln, betreiben und vermarkten transmediale Plattformen und Marken.<\/p><a class=\"magicmore\" href=\"\/de\/platforms\/\">Mehr Erfahren<\/a><\/article>[\/vc_column][vc_column width=&#8221;1\/3&#8243; el_class=&#8221;nextpub-iconbox-7&#8243;]<article class=\"icon-box7\"><a href='\/de\/tangibles\/'><img src=\"http:\/\/nextpub.de\/wordpress\/..\/uploads\/2016\/01\/NextPub-Tangibles-Logo.png\" \/><\/a><p>Moderne Kommunikation ist immer greifbar. Darum entwickeln und vermarkten wir physische Produkte und Tr\u00e4germedien.<\/p><a class=\"magicmore\" href=\"\/de\/tangibles\/\">Mehr Erfahren<\/a><\/article>[\/vc_column][\/vc_row]\n","protected":false},"excerpt":{"rendered":"<p>[vc_row][vc_column el_class=&#8221;aligncenter&#8221;][\/vc_column][\/vc_row][vc_row][vc_column width=&#8221;1\/3&#8243; el_class=&#8221;nextpub-iconbox-7&#8243;][\/vc_column][vc_column width=&#8221;1\/3&#8243; el_class=&#8221;nextpub-iconbox-7&#8243;][\/vc_column][vc_column width=&#8221;1\/3&#8243; el_class=&#8221;nextpub-iconbox-7&#8243;][\/vc_column][\/vc_row]<\/p>\n","protected":false},"author":1,"featured_media":0,"parent":0,"menu_order":0,"comment_status":"closed","ping_status":"closed","template":"","meta":[],"yoast_head":"<!-- This site is optimized with the Yoast SEO plugin v20.0 - https:\/\/yoast.com\/wordpress\/plugins\/seo\/ -->\n<title>Produkte &amp; Dienstleistungen - NextPub Media<\/title>\n<meta name=\"robots\" content=\"index, follow, max-snippet:-1, max-image-preview:large, max-video-preview:-1\" \/>\n<link rel=\"canonical\" href=\"http:\/\/www.nextpub.de\/de\/products-services\/\" \/>\n<meta property=\"og:locale\" content=\"de_DE\" \/>\n<meta property=\"og:type\" content=\"article\" \/>\n<meta property=\"og:title\" content=\"Produkte &amp; Dienstleistungen - NextPub Media\" \/>\n<meta property=\"og:description\" content=\"[vc_row][vc_column el_class=&#8221;aligncenter&#8221;][\/vc_column][\/vc_row][vc_row][vc_column width=&#8221;1\/3&#8243; el_class=&#8221;nextpub-iconbox-7&#8243;][\/vc_column][vc_column width=&#8221;1\/3&#8243; el_class=&#8221;nextpub-iconbox-7&#8243;][\/vc_column][vc_column width=&#8221;1\/3&#8243; el_class=&#8221;nextpub-iconbox-7&#8243;][\/vc_column][\/vc_row]\" \/>\n<meta property=\"og:url\" content=\"http:\/\/www.nextpub.de\/de\/products-services\/\" \/>\n<meta property=\"og:site_name\" content=\"NextPub Media\" \/>\n<meta property=\"article:modified_time\" content=\"2016-04-08T10:48:54+00:00\" \/>\n<meta name=\"twitter:card\" content=\"summary_large_image\" \/>\n<meta name=\"twitter:label1\" content=\"Gesch\u00e4tzte Lesezeit\" \/>\n\t<meta name=\"twitter:data1\" content=\"1\u00a0Minute\" \/>\n<script type=\"application\/ld+json\" class=\"yoast-schema-graph\">{\"@context\":\"https:\/\/schema.org\",\"@graph\":[{\"@type\":\"WebPage\",\"@id\":\"http:\/\/www.nextpub.de\/de\/products-services\/\",\"url\":\"http:\/\/www.nextpub.de\/de\/products-services\/\",\"name\":\"Produkte & Dienstleistungen - NextPub Media\",\"isPartOf\":{\"@id\":\"http:\/\/www.nextpub.de\/#website\"},\"datePublished\":\"2016-04-05T17:19:02+00:00\",\"dateModified\":\"2016-04-08T10:48:54+00:00\",\"breadcrumb\":{\"@id\":\"http:\/\/www.nextpub.de\/de\/products-services\/#breadcrumb\"},\"inLanguage\":\"de\",\"potentialAction\":[{\"@type\":\"ReadAction\",\"target\":[\"http:\/\/www.nextpub.de\/de\/products-services\/\"]}]},{\"@type\":\"BreadcrumbList\",\"@id\":\"http:\/\/www.nextpub.de\/de\/products-services\/#breadcrumb\",\"itemListElement\":[{\"@type\":\"ListItem\",\"position\":1,\"name\":\"Home\",\"item\":\"http:\/\/nextpub.de\/de\/\"},{\"@type\":\"ListItem\",\"position\":2,\"name\":\"Produkte &#038; Dienstleistungen\"}]},{\"@type\":\"WebSite\",\"@id\":\"http:\/\/www.nextpub.de\/#website\",\"url\":\"http:\/\/www.nextpub.de\/\",\"name\":\"NextPub Media\",\"description\":\"solutions for transmedia storytelling in the digital age\",\"publisher\":{\"@id\":\"http:\/\/www.nextpub.de\/#organization\"},\"potentialAction\":[{\"@type\":\"SearchAction\",\"target\":{\"@type\":\"EntryPoint\",\"urlTemplate\":\"http:\/\/www.nextpub.de\/?s={search_term_string}\"},\"query-input\":\"required name=search_term_string\"}],\"inLanguage\":\"de\"},{\"@type\":\"Organization\",\"@id\":\"http:\/\/www.nextpub.de\/#organization\",\"name\":\"NextPub Media\",\"url\":\"http:\/\/www.nextpub.de\/\",\"logo\":{\"@type\":\"ImageObject\",\"inLanguage\":\"de\",\"@id\":\"http:\/\/www.nextpub.de\/#\/schema\/logo\/image\/\",\"url\":\"http:\/\/www.nextpub.de\/wordpress\/..\/uploads\/2016\/01\/NextPub-Logo.png\",\"contentUrl\":\"http:\/\/www.nextpub.de\/wordpress\/..\/uploads\/2016\/01\/NextPub-Logo.png\",\"width\":500,\"height\":181,\"caption\":\"NextPub Media\"},\"image\":{\"@id\":\"http:\/\/www.nextpub.de\/#\/schema\/logo\/image\/\"}}]}<\/script>\n<!-- \/ Yoast SEO plugin. -->","yoast_head_json":{"title":"Produkte & Dienstleistungen - NextPub Media","robots":{"index":"index","follow":"follow","max-snippet":"max-snippet:-1","max-image-preview":"max-image-preview:large","max-video-preview":"max-video-preview:-1"},"canonical":"http:\/\/www.nextpub.de\/de\/products-services\/","og_locale":"de_DE","og_type":"article","og_title":"Produkte & Dienstleistungen - NextPub Media","og_description":"[vc_row][vc_column el_class=&#8221;aligncenter&#8221;][\/vc_column][\/vc_row][vc_row][vc_column width=&#8221;1\/3&#8243; el_class=&#8221;nextpub-iconbox-7&#8243;][\/vc_column][vc_column width=&#8221;1\/3&#8243; el_class=&#8221;nextpub-iconbox-7&#8243;][\/vc_column][vc_column width=&#8221;1\/3&#8243; el_class=&#8221;nextpub-iconbox-7&#8243;][\/vc_column][\/vc_row]","og_url":"http:\/\/www.nextpub.de\/de\/products-services\/","og_site_name":"NextPub Media","article_modified_time":"2016-04-08T10:48:54+00:00","twitter_card":"summary_large_image","twitter_misc":{"Gesch\u00e4tzte Lesezeit":"1\u00a0Minute"},"schema":{"@context":"https:\/\/schema.org","@graph":[{"@type":"WebPage","@id":"http:\/\/www.nextpub.de\/de\/products-services\/","url":"http:\/\/www.nextpub.de\/de\/products-services\/","name":"Produkte & Dienstleistungen - NextPub Media","isPartOf":{"@id":"http:\/\/www.nextpub.de\/#website"},"datePublished":"2016-04-05T17:19:02+00:00","dateModified":"2016-04-08T10:48:54+00:00","breadcrumb":{"@id":"http:\/\/www.nextpub.de\/de\/products-services\/#breadcrumb"},"inLanguage":"de","potentialAction":[{"@type":"ReadAction","target":["http:\/\/www.nextpub.de\/de\/products-services\/"]}]},{"@type":"BreadcrumbList","@id":"http:\/\/www.nextpub.de\/de\/products-services\/#breadcrumb","itemListElement":[{"@type":"ListItem","position":1,"name":"Home","item":"http:\/\/nextpub.de\/de\/"},{"@type":"ListItem","position":2,"name":"Produkte &#038; Dienstleistungen"}]},{"@type":"WebSite","@id":"http:\/\/www.nextpub.de\/#website","url":"http:\/\/www.nextpub.de\/","name":"NextPub Media","description":"solutions for transmedia storytelling in the digital age","publisher":{"@id":"http:\/\/www.nextpub.de\/#organization"},"potentialAction":[{"@type":"SearchAction","target":{"@type":"EntryPoint","urlTemplate":"http:\/\/www.nextpub.de\/?s={search_term_string}"},"query-input":"required name=search_term_string"}],"inLanguage":"de"},{"@type":"Organization","@id":"http:\/\/www.nextpub.de\/#organization","name":"NextPub Media","url":"http:\/\/www.nextpub.de\/","logo":{"@type":"ImageObject","inLanguage":"de","@id":"http:\/\/www.nextpub.de\/#\/schema\/logo\/image\/","url":"http:\/\/www.nextpub.de\/wordpress\/..\/uploads\/2016\/01\/NextPub-Logo.png","contentUrl":"http:\/\/www.nextpub.de\/wordpress\/..\/uploads\/2016\/01\/NextPub-Logo.png","width":500,"height":181,"caption":"NextPub Media"},"image":{"@id":"http:\/\/www.nextpub.de\/#\/schema\/logo\/image\/"}}]}},"_links":{"self":[{"href":"http:\/\/nextpub.de\/de\/wp-json\/wp\/v2\/pages\/356"}],"collection":[{"href":"http:\/\/nextpub.de\/de\/wp-json\/wp\/v2\/pages"}],"about":[{"href":"http:\/\/nextpub.de\/de\/wp-json\/wp\/v2\/types\/page"}],"author":[{"embeddable":true,"href":"http:\/\/nextpub.de\/de\/wp-json\/wp\/v2\/users\/1"}],"replies":[{"embeddable":true,"href":"http:\/\/nextpub.de\/de\/wp-json\/wp\/v2\/comments?post=356"}],"version-history":[{"count":7,"href":"http:\/\/nextpub.de\/de\/wp-json\/wp\/v2\/pages\/356\/revisions"}],"predecessor-version":[{"id":402,"href":"http:\/\/nextpub.de\/de\/wp-json\/wp\/v2\/pages\/356\/revisions\/402"}],"wp:attachment":[{"href":"http:\/\/nextpub.de\/de\/wp-json\/wp\/v2\/media?parent=356"}],"curies":[{"name":"wp","href":"https:\/\/api.w.org\/{rel}","templated":true}]}}